{"id":716,"date":"2019-06-25T09:11:55","date_gmt":"2019-06-25T13:11:55","guid":{"rendered":"https:\/\/munpdg.ca\/residents\/services-municipaux\/"},"modified":"2021-08-19T13:40:38","modified_gmt":"2021-08-19T17:40:38","slug":"municipal-services","status":"publish","type":"page","link":"https:\/\/munpdg.ca\/en\/residents\/municipal-services\/","title":{"rendered":"Municipal Services"},"content":{"rendered":"<div class=\"tailor-element tailor-section tailor-59fa2e44a48a5\">\n<div class=\"tailor-section__content\">\n<div class=\"tailor-element tailor-content tailor-59fa2e44a48a4\">\n<h3 class=\"p1\"><strong>Small municipality, big responsibilities!<\/strong><\/h3>\n<\/div>\n<\/div>\n<\/div>\n<div class=\"tailor-element tailor-section tailor-59fa2e44a48b2\">\n<div class=\"tailor-section__content\">\n<div class=\"tailor-element tailor-hero tailor-59fa2e44a48b1\">\n<div class=\"tailor-hero__content\">\n<div class=\"tailor-element tailor-content tailor-59fa2e44a48b0\">\n<p><img loading=\"lazy\" decoding=\"async\" class=\"alignleft size-full wp-image-343\" src=\"https:\/\/munpdg.ca\/wp-content\/uploads\/2017\/09\/encadre-services-municipaux.jpg\" alt=\"\" width=\"200\" height=\"300\" \/><\/p>\n<p>FROM PUBLIC SAFETY TO REFUSE COLLECTION, FROM ROAD MAINTENANCE AND SNOW REMOVAL TO MUNICIPAL BY-LAWS, FROM TAXATION TO PERMITS \u2013 THE MUNICIPALITY HAS BIG RESPONSIBILITIES&#8230; AND A BIG IMPACT ON THE QUALITY OF LIFE OF ITS RESIDENTS!<\/p>\n<\/div>\n<\/div>\n<\/div>\n<\/div>\n<\/div>\n<div class=\"tailor-element tailor-section tailor-59fa2e44a48a7\">\n<div class=\"tailor-section__content\">\n<div class=\"tailor-element tailor-content tailor-59fa2e44a48a6\">\n<h3 class=\"p1\"><strong>Public safety (police, fire department)<\/strong><\/h3>\n<p><strong>Police services are provided by the Suret\u00e9 du Qu\u00e9bec (Chandler substation).<\/strong><\/p>\n<p><span style=\"color: #333399;\">CITIZEN OR MUNICIPAL ADMINISTRATION REQUEST<\/span><\/p>\n<p><a href=\"https:\/\/www.mrcrocherperce.qc.ca\/wp-content\/uploads\/2021\/01\/EN-Request-form_SQ.pdf\">https:\/\/www.mrcrocherperce.qc.ca\/wp-content\/uploads\/2021\/01\/EN-Request-form_SQ.pdf<\/a><\/p>\n<p>&nbsp;<\/p>\n<p><strong>The municipal fire department is based in the fire station of the Port-Daniel sector. The firefighters also serve as first responders.<\/strong><\/p>\n<p><strong>For any emergency, dial 911<br \/>\n<\/strong><\/p>\n<p><a href=\"https:\/\/www.urgencequebec.gouv.qc.ca\/En\/Pages\/default.aspx\"><img loading=\"lazy\" decoding=\"async\" class=\"alignnone wp-image-2025\" src=\"https:\/\/munpdg.ca\/wp-content\/uploads\/2019\/04\/bouton_inondations_201x81-600x193.png\" alt=\"\" width=\"174\" height=\"56\" srcset=\"https:\/\/munpdg.ca\/wp-content\/uploads\/2019\/04\/bouton_inondations_201x81-600x193.png 600w, https:\/\/munpdg.ca\/wp-content\/uploads\/2019\/04\/bouton_inondations_201x81-768x247.png 768w, https:\/\/munpdg.ca\/wp-content\/uploads\/2019\/04\/bouton_inondations_201x81-1024x329.png 1024w, https:\/\/munpdg.ca\/wp-content\/uploads\/2019\/04\/bouton_inondations_201x81.png 1875w\" sizes=\"auto, (max-width: 174px) 100vw, 174px\" \/><\/a><\/p>\n<\/div>\n<\/div>\n<\/div>\n<div class=\"tailor-element tailor-section tailor-59fa2e44a48a9\">\n<div class=\"tailor-section__content\">\n<div class=\"tailor-element tailor-content tailor-59fa2e44a48a8\">\n<h3><strong>Refuse (Gascons waste disposal facility)<\/strong><\/h3>\n<p>Waste management is handled by the <a href=\"http:\/\/ritmrg.ca\/\" target=\"_blank\" rel=\"noopener noreferrer\"><em>R\u00e9gie intermunicipale de traitement des mati\u00e8res r\u00e9siduelle<\/em>s<\/a>. This organization coordinates and manages refuse for the RCMs of Rocher-Perc\u00e9 and C\u00f4te-de-Gasp\u00e9. The R\u00e9gie handles:<\/p>\n<ul>\n<li>recuperation of recyclable materials (blue bin);<\/li>\n<li>reception and processing of reusable items (waste disposal facilities and eco-centres);<\/li>\n<li>management of waste collection and transportation contracts;<\/li>\n<li>composting of organic matter;<\/li>\n<li>reclamation of electronics and computer equipment;<\/li>\n<li>information, awareness-raising and education.<\/li>\n<\/ul>\n<p><strong>For more information contact:<\/strong><\/p>\n<p><a href=\"http:\/\/ritmrg.ca\/\" target=\"_blank\" rel=\"noopener noreferrer\"><em>R\u00e9gie intermunicipale de traitem<\/em>ent des mati\u00e8res r\u00e9siduelles<\/a> (418 385-4200)<\/p>\n<p>&nbsp;<\/p>\n<p><a href=\"https:\/\/ritmrg.com\/wp-content\/uploads\/Calendrier-MRC-ANG-WEB.pdf\">Calendrier MRC-ANG-WEB (ritmrg.com)<\/a><\/p>\n<p><a href=\"https:\/\/ritmrg.com\/wp-content\/uploads\/Guide-de-GMR-MRC-anglais-WEB.pdf\">Guide-de-GMR-MRC-anglais-WEB.pdf (ritmrg.com)<\/a><\/p>\n<table width=\"100%\">\n<tbody>\n<tr>\n<td><strong>\u00c9cocentre<\/strong><\/td>\n<td><strong>from May 1 to october 31<\/strong><\/td>\n<td><strong>from November 1 to april 30<\/strong><\/td>\n<\/tr>\n<tr>\n<td>Gascons<\/td>\n<td>Tuesday, Thursday, Saturday<br \/>\n<b>8 a.m to 5 p.m.<\/b><\/td>\n<td>Tuesday, Saturday<br \/>\n<strong>8 a.m. to 4 p.m.<\/strong><\/td>\n<\/tr>\n<\/tbody>\n<\/table>\n<p><a href=\"http:\/\/ritmrg.ca\/memento-rappels-texto\/\" target=\"_blank\" rel=\"noopener noreferrer\">Text alert the day before refuse collection<\/a><\/p>\n<\/div>\n<\/div>\n<\/div>\n<div class=\"tailor-element tailor-section tailor-59fa2e44a48b4\">\n<div class=\"tailor-section__content\">\n<div class=\"tailor-element tailor-content tailor-59fa2e44a48b3\">\n<h3><strong>Roads and snow removal<\/strong><\/h3>\n<p>Road maintenance and snow removal are managed by the public works department, which uses various suppliers and contractors.<\/p>\n<p>For more information contact: Public works department (418-396-5225, ext. 3)<\/p>\n<\/div>\n<div class=\"tailor-element tailor-content tailor-59fa2e44a48b5\">\n<h3><strong>Taxes, municipal by-laws and permits<\/strong><\/h3>\n<p><strong>Municipal taxes<\/strong><\/p>\n<p>Municipal property taxes are determined by the assessed value of the property and the taxation rate set out in the municipal budget. The property assessments are carried out by a private company hired by the RCM.<\/p>\n<p>For more information, to appeal an assessment, or to request a review: RCM of Rocher-Perc\u00e9 (418-385-4200)<\/p>\n<p><strong>Municipal by-laws<\/strong><\/p>\n<p>The municipality\u2019s planning and zoning by-laws are under review and will be available on our website as soon as they are adopted.<\/p>\n<p>For more information contact: Municipal inspector\u00a0 \u00a0 \u00a0418-396-5225, ext. 2<\/p>\n<p><strong>Permits<\/strong><\/p>\n<p>Before undertaking any construction, renovation or demolition project, you must apply for a permit from the municipality.<\/p>\n<p>For more information contact: Municipal inspector\u00a0 \u00a0 418-396-5225, ext.\u00a0 2<\/p>\n<p><span style=\"color: #ff0000;\"><a style=\"color: #ff0000;\" href=\"https:\/\/munpdg.ca\/wp-content\/uploads\/2019\/06\/reglementation.pdf\">r\u00e8glementation &#8211; remorques, conteneurs et autres types de b\u00e2timents prohib\u00e9s<\/a><\/span><\/p>\n<p>&nbsp;<\/p>\n<p><span style=\"color: #800080;\">Access to the graphic matrix with this adress:<\/span><\/p>\n<p><a href=\"https:\/\/www.goazimut.com\/GOnet6\/index.html?m=02047&amp;pl=1\">https:\/\/www.goazimut.com\/GOnet6\/index.html?m=02047&amp;pl=1<\/a><\/p>\n<\/div>\n<\/div>\n<\/div>\n","protected":false},"excerpt":{"rendered":"<p>Small municipality, big responsibilities! FROM PUBLIC SAFETY TO REFUSE COLLECTION, FROM ROAD MAINTENANCE AND SNOW REMOVAL TO MUNICIPAL BY-LAWS, FROM TAXATION TO PERMITS \u2013 THE MUNICIPALITY HAS BIG RESPONSIBILITIES&#8230; AND A BIG IMPACT ON THE QUALITY OF LIFE OF ITS RESIDENTS! Public safety (police, fire department) Police services are provided by the Suret\u00e9 du Qu\u00e9bec [&hellip;]<\/p>\n","protected":false},"author":1,"featured_media":3070,"parent":700,"menu_order":6,"comment_status":"closed","ping_status":"closed","template":"page-templates\/sidebar-right.php","meta":{"_mi_skip_tracking":false,"_monsterinsights_sitenote_active":false,"_monsterinsights_sitenote_note":"","_monsterinsights_sitenote_category":0,"footnotes":""},"class_list":["post-716","page","type-page","status-publish","has-post-thumbnail","hentry"],"yoast_head":"<!-- This site is optimized with the Yoast SEO plugin v21.4 - https:\/\/yoast.com\/wordpress\/plugins\/seo\/ -->\n<title>Municipal Services - Municipalit\u00e9 de Port-Daniel\u2013Gascons<\/title>\n<meta name=\"robots\" content=\"index, follow, max-snippet:-1, max-image-preview:large, max-video-preview:-1\" \/>\n<link rel=\"canonical\" href=\"https:\/\/munpdg.ca\/en\/residents\/municipal-services\/\" \/>\n<meta property=\"og:locale\" content=\"en_US\" \/>\n<meta property=\"og:type\" content=\"article\" \/>\n<meta property=\"og:title\" content=\"Municipal Services - Municipalit\u00e9 de Port-Daniel\u2013Gascons\" \/>\n<meta property=\"og:description\" content=\"Small municipality, big responsibilities! FROM PUBLIC SAFETY TO REFUSE COLLECTION, FROM ROAD MAINTENANCE AND SNOW REMOVAL TO MUNICIPAL BY-LAWS, FROM TAXATION TO PERMITS \u2013 THE MUNICIPALITY HAS BIG RESPONSIBILITIES&#8230; AND A BIG IMPACT ON THE QUALITY OF LIFE OF ITS RESIDENTS! Public safety (police, fire department) Police services are provided by the Suret\u00e9 du Qu\u00e9bec [&hellip;]\" \/>\n<meta property=\"og:url\" content=\"https:\/\/munpdg.ca\/en\/residents\/municipal-services\/\" \/>\n<meta property=\"og:site_name\" content=\"Municipalit\u00e9 de Port-Daniel\u2013Gascons\" \/>\n<meta property=\"article:modified_time\" content=\"2021-08-19T17:40:38+00:00\" \/>\n<meta property=\"og:image\" content=\"https:\/\/munpdg.ca\/wp-content\/uploads\/2020\/03\/IMG_6016.jpg\" \/>\n\t<meta property=\"og:image:width\" content=\"781\" \/>\n\t<meta property=\"og:image:height\" content=\"439\" \/>\n\t<meta property=\"og:image:type\" content=\"image\/jpeg\" \/>\n<meta name=\"twitter:card\" content=\"summary_large_image\" \/>\n<meta name=\"twitter:label1\" content=\"Est. reading time\" \/>\n\t<meta name=\"twitter:data1\" content=\"2 minutes\" \/>\n<script type=\"application\/ld+json\" class=\"yoast-schema-graph\">{\"@context\":\"https:\/\/schema.org\",\"@graph\":[{\"@type\":\"WebPage\",\"@id\":\"https:\/\/munpdg.ca\/en\/residents\/municipal-services\/\",\"url\":\"https:\/\/munpdg.ca\/en\/residents\/municipal-services\/\",\"name\":\"Municipal Services - Municipalit\u00e9 de Port-Daniel\u2013Gascons\",\"isPartOf\":{\"@id\":\"https:\/\/munpdg.ca\/en\/#website\"},\"datePublished\":\"2019-06-25T13:11:55+00:00\",\"dateModified\":\"2021-08-19T17:40:38+00:00\",\"breadcrumb\":{\"@id\":\"https:\/\/munpdg.ca\/en\/residents\/municipal-services\/#breadcrumb\"},\"inLanguage\":\"en-US\",\"potentialAction\":[{\"@type\":\"ReadAction\",\"target\":[\"https:\/\/munpdg.ca\/en\/residents\/municipal-services\/\"]}]},{\"@type\":\"BreadcrumbList\",\"@id\":\"https:\/\/munpdg.ca\/en\/residents\/municipal-services\/#breadcrumb\",\"itemListElement\":[{\"@type\":\"ListItem\",\"position\":1,\"name\":\"Accueil\",\"item\":\"https:\/\/munpdg.ca\/en\/\"},{\"@type\":\"ListItem\",\"position\":2,\"name\":\"Residents\",\"item\":\"https:\/\/munpdg.ca\/en\/residents\/\"},{\"@type\":\"ListItem\",\"position\":3,\"name\":\"Municipal Services\"}]},{\"@type\":\"WebSite\",\"@id\":\"https:\/\/munpdg.ca\/en\/#website\",\"url\":\"https:\/\/munpdg.ca\/en\/\",\"name\":\"Municipalit\u00e9 de Port-Daniel\u2013Gascons\",\"description\":\"Un meilleur avenir pour tous\",\"publisher\":{\"@id\":\"https:\/\/munpdg.ca\/en\/#organization\"},\"potentialAction\":[{\"@type\":\"SearchAction\",\"target\":{\"@type\":\"EntryPoint\",\"urlTemplate\":\"https:\/\/munpdg.ca\/en\/?s={search_term_string}\"},\"query-input\":\"required name=search_term_string\"}],\"inLanguage\":\"en-US\"},{\"@type\":\"Organization\",\"@id\":\"https:\/\/munpdg.ca\/en\/#organization\",\"name\":\"Municipalit\u00e9 de Port-Daniel\u2013Gascons\",\"url\":\"https:\/\/munpdg.ca\/en\/\",\"logo\":{\"@type\":\"ImageObject\",\"inLanguage\":\"en-US\",\"@id\":\"https:\/\/munpdg.ca\/en\/#\/schema\/logo\/image\/\",\"url\":\"https:\/\/munpdg.ca\/wp-content\/uploads\/2017\/08\/port-daniel-gascons-logo.png\",\"contentUrl\":\"https:\/\/munpdg.ca\/wp-content\/uploads\/2017\/08\/port-daniel-gascons-logo.png\",\"width\":129,\"height\":141,\"caption\":\"Municipalit\u00e9 de Port-Daniel\u2013Gascons\"},\"image\":{\"@id\":\"https:\/\/munpdg.ca\/en\/#\/schema\/logo\/image\/\"}}]}<\/script>\n<!-- \/ Yoast SEO plugin. -->","yoast_head_json":{"title":"Municipal Services - Municipalit\u00e9 de Port-Daniel\u2013Gascons","robots":{"index":"index","follow":"follow","max-snippet":"max-snippet:-1","max-image-preview":"max-image-preview:large","max-video-preview":"max-video-preview:-1"},"canonical":"https:\/\/munpdg.ca\/en\/residents\/municipal-services\/","og_locale":"en_US","og_type":"article","og_title":"Municipal Services - Municipalit\u00e9 de Port-Daniel\u2013Gascons","og_description":"Small municipality, big responsibilities! FROM PUBLIC SAFETY TO REFUSE COLLECTION, FROM ROAD MAINTENANCE AND SNOW REMOVAL TO MUNICIPAL BY-LAWS, FROM TAXATION TO PERMITS \u2013 THE MUNICIPALITY HAS BIG RESPONSIBILITIES&#8230; AND A BIG IMPACT ON THE QUALITY OF LIFE OF ITS RESIDENTS! Public safety (police, fire department) Police services are provided by the Suret\u00e9 du Qu\u00e9bec [&hellip;]","og_url":"https:\/\/munpdg.ca\/en\/residents\/municipal-services\/","og_site_name":"Municipalit\u00e9 de Port-Daniel\u2013Gascons","article_modified_time":"2021-08-19T17:40:38+00:00","og_image":[{"width":781,"height":439,"url":"https:\/\/munpdg.ca\/wp-content\/uploads\/2020\/03\/IMG_6016.jpg","type":"image\/jpeg"}],"twitter_card":"summary_large_image","twitter_misc":{"Est. reading time":"2 minutes"},"schema":{"@context":"https:\/\/schema.org","@graph":[{"@type":"WebPage","@id":"https:\/\/munpdg.ca\/en\/residents\/municipal-services\/","url":"https:\/\/munpdg.ca\/en\/residents\/municipal-services\/","name":"Municipal Services - Municipalit\u00e9 de Port-Daniel\u2013Gascons","isPartOf":{"@id":"https:\/\/munpdg.ca\/en\/#website"},"datePublished":"2019-06-25T13:11:55+00:00","dateModified":"2021-08-19T17:40:38+00:00","breadcrumb":{"@id":"https:\/\/munpdg.ca\/en\/residents\/municipal-services\/#breadcrumb"},"inLanguage":"en-US","potentialAction":[{"@type":"ReadAction","target":["https:\/\/munpdg.ca\/en\/residents\/municipal-services\/"]}]},{"@type":"BreadcrumbList","@id":"https:\/\/munpdg.ca\/en\/residents\/municipal-services\/#breadcrumb","itemListElement":[{"@type":"ListItem","position":1,"name":"Accueil","item":"https:\/\/munpdg.ca\/en\/"},{"@type":"ListItem","position":2,"name":"Residents","item":"https:\/\/munpdg.ca\/en\/residents\/"},{"@type":"ListItem","position":3,"name":"Municipal Services"}]},{"@type":"WebSite","@id":"https:\/\/munpdg.ca\/en\/#website","url":"https:\/\/munpdg.ca\/en\/","name":"Municipalit\u00e9 de Port-Daniel\u2013Gascons","description":"Un meilleur avenir pour tous","publisher":{"@id":"https:\/\/munpdg.ca\/en\/#organization"},"potentialAction":[{"@type":"SearchAction","target":{"@type":"EntryPoint","urlTemplate":"https:\/\/munpdg.ca\/en\/?s={search_term_string}"},"query-input":"required name=search_term_string"}],"inLanguage":"en-US"},{"@type":"Organization","@id":"https:\/\/munpdg.ca\/en\/#organization","name":"Municipalit\u00e9 de Port-Daniel\u2013Gascons","url":"https:\/\/munpdg.ca\/en\/","logo":{"@type":"ImageObject","inLanguage":"en-US","@id":"https:\/\/munpdg.ca\/en\/#\/schema\/logo\/image\/","url":"https:\/\/munpdg.ca\/wp-content\/uploads\/2017\/08\/port-daniel-gascons-logo.png","contentUrl":"https:\/\/munpdg.ca\/wp-content\/uploads\/2017\/08\/port-daniel-gascons-logo.png","width":129,"height":141,"caption":"Municipalit\u00e9 de Port-Daniel\u2013Gascons"},"image":{"@id":"https:\/\/munpdg.ca\/en\/#\/schema\/logo\/image\/"}}]}},"_links":{"self":[{"href":"https:\/\/munpdg.ca\/en\/wp-json\/wp\/v2\/pages\/716","targetHints":{"allow":["GET"]}}],"collection":[{"href":"https:\/\/munpdg.ca\/en\/wp-json\/wp\/v2\/pages"}],"about":[{"href":"https:\/\/munpdg.ca\/en\/wp-json\/wp\/v2\/types\/page"}],"author":[{"embeddable":true,"href":"https:\/\/munpdg.ca\/en\/wp-json\/wp\/v2\/users\/1"}],"replies":[{"embeddable":true,"href":"https:\/\/munpdg.ca\/en\/wp-json\/wp\/v2\/comments?post=716"}],"version-history":[{"count":16,"href":"https:\/\/munpdg.ca\/en\/wp-json\/wp\/v2\/pages\/716\/revisions"}],"predecessor-version":[{"id":4618,"href":"https:\/\/munpdg.ca\/en\/wp-json\/wp\/v2\/pages\/716\/revisions\/4618"}],"up":[{"embeddable":true,"href":"https:\/\/munpdg.ca\/en\/wp-json\/wp\/v2\/pages\/700"}],"wp:featuredmedia":[{"embeddable":true,"href":"https:\/\/munpdg.ca\/en\/wp-json\/wp\/v2\/media\/3070"}],"wp:attachment":[{"href":"https:\/\/munpdg.ca\/en\/wp-json\/wp\/v2\/media?parent=716"}],"curies":[{"name":"wp","href":"https:\/\/api.w.org\/{rel}","templated":true}]}}