{"id":1208,"date":"2018-01-31T15:52:52","date_gmt":"2018-01-31T20:52:52","guid":{"rendered":"https:\/\/munpdg.ca\/avis-public\/"},"modified":"2026-02-23T08:27:17","modified_gmt":"2026-02-23T13:27:17","slug":"avis-public","status":"publish","type":"page","link":"https:\/\/munpdg.ca\/en\/avis-public\/","title":{"rendered":"Public notice"},"content":{"rendered":"<p>Public notice<\/p>\r\n<ul style=\"list-style-type: disc;\">\r\n<li><a href=\"https:\/\/munpdg.ca\/wp-content\/uploads\/2026\/02\/Document-avis-public-budget-2026-anglais.pdf\">public notice\u00a0 &#8211; budget 2026 <\/a><\/li>\r\n<li><a href=\"https:\/\/munpdg.ca\/wp-content\/uploads\/2025\/12\/avis-public-calendrier-2026-des-seances-ordinaires-VA.pdf\">public notice &#8211; schedule for regular meeting 2026<\/a><\/li>\r\n<li><a href=\"https:\/\/munpdg.ca\/wp-content\/uploads\/2025\/09\/avis-public-role-triennal-1er-annee-VA.pdf\">public notice\u00a0 &#8211; triennial roll 1st year\u00a0 <\/a><\/li>\r\n<li><a href=\"https:\/\/munpdg.ca\/wp-content\/uploads\/2025\/01\/public-notice-budget-2025.pdf\">public notice\u00a0 \u00a0budget 2025<\/a><\/li>\r\n<li><a href=\"https:\/\/munpdg.ca\/wp-content\/uploads\/2024\/12\/public-notice-calendar-meetings-2025.pdf\">public notice &#8211; schedule for regular meeting 2025<\/a><\/li>\r\n<li><a href=\"https:\/\/munpdg.ca\/wp-content\/uploads\/2024\/10\/public-notice-corrected-financial-report.pdf\">public notice &#8211; corrected financial report<\/a><\/li>\r\n<li><a href=\"https:\/\/munpdg.ca\/wp-content\/uploads\/2024\/09\/public-notice-third-year-of-the-triennial-roll-2.pdf\">public notice &#8211; third year of the triennial roll<\/a><\/li>\r\n<li><a href=\"https:\/\/munpdg.ca\/wp-content\/uploads\/2024\/07\/public-notice-minor-exemption.pdf\">public notice &#8211; minor exemption<\/a>&#8211; august 12<\/li>\r\n<li><a href=\"https:\/\/munpdg.ca\/wp-content\/uploads\/2024\/05\/avis-public-rapport-financier-2023-VA.pdf\">Public notice &#8211; financial report. 2023<\/a><\/li>\r\n<li><a href=\"https:\/\/munpdg.ca\/wp-content\/uploads\/2024\/01\/Public-Notice-Budget-2024.pdf\">Public Notice &#8211; Budget 2024<\/a><\/li>\r\n<li><a href=\"https:\/\/munpdg.ca\/wp-content\/uploads\/2023\/12\/public-notice-calender-2024.pdf\">public notice &#8211; calender 2024 (regular meetings)<\/a><\/li>\r\n<li><a href=\"https:\/\/munpdg.ca\/wp-content\/uploads\/2023\/12\/avis-public-pour-previsioins-budgetaires-et-immobilications.pdf\">public notice &#8211; extraordinary meeting &#8211; budget 2024 and capital expenditures<\/a><\/li>\r\n<li><a href=\"https:\/\/munpdg.ca\/wp-content\/uploads\/2023\/10\/Avis-public-Anglais-derogations-mineures-13-nov.pdf\">Public notice &#8211; minor exemption application\u00a0 \u00a0 november 13\u00a0<\/a><\/li>\r\n<li><a href=\"https:\/\/munpdg.ca\/wp-content\/uploads\/2023\/09\/avis-public-role-triennal-2ieme-annee.pdf\">avis public &#8211; r\u00f4le triennal 2i\u00e8me ann\u00e9e<\/a><\/li>\r\n<li><span style=\"color: #8224e3;\"><a href=\"https:\/\/munpdg.ca\/wp-content\/uploads\/2023\/08\/Avis-public-derogation-mineure-23-aout-2023-VA.pdf\">Avis public d\u00e9rogation mineure &#8211; 23 ao\u00fbt 2023 VA<\/a><\/span><\/li>\r\n<li><span style=\"color: #8224e3;\"><a style=\"color: #8224e3;\" href=\"https:\/\/munpdg.ca\/wp-content\/uploads\/2023\/06\/entree-en-vigueur-2023-02-VA.pdf\">public notice &#8211; by-law 2023-02<\/a> coming into force<\/span><\/li>\r\n<li><a href=\"https:\/\/munpdg.ca\/wp-content\/uploads\/2023\/06\/avis-public-rapport-financier-2022-VA.pdf\">public notice &#8211; financial report,\u00a0 2022\u00a0<\/a><\/li>\r\n<li><a href=\"https:\/\/munpdg.ca\/wp-content\/uploads\/2023\/01\/Avis-public-Budget-2023-va-1.pdf\">Public notice &#8211; Budget 2023 <\/a><\/li>\r\n<li><a href=\"https:\/\/munpdg.ca\/wp-content\/uploads\/2022\/12\/public-notice-schedule-meeting-council-2023.pdf\">public notice &#8211; schedule for regular meeting\u00a0 2023<\/a><\/li>\r\n<li><a href=\"https:\/\/munpdg.ca\/wp-content\/uploads\/2022\/12\/public-notice-qualified-voters.pdf\">public notice\u00a0 &#8211; qualified voters<\/a><\/li>\r\n<li><a href=\"https:\/\/munpdg.ca\/wp-content\/uploads\/2022\/12\/avis-public-previsions-2023-et-programme-dimmobilisation-vas.pdf\">public\u00a0 notice &#8211; extraordinary meeting december 20 &#8211; 2023 budget forecast<\/a><\/li>\r\n<li><a href=\"https:\/\/munpdg.ca\/wp-content\/uploads\/2022\/09\/avis-public-rapport-2021-va.pdf\">public notice\u00a0 rapport 2021 <\/a><\/li>\r\n<li><a href=\"https:\/\/munpdg.ca\/wp-content\/uploads\/2022\/02\/public-notice-budget-2022.pdf\">public notice &#8211; budget 2022 (estimates)<\/a><\/li>\r\n<li><a href=\"https:\/\/munpdg.ca\/wp-content\/uploads\/2022\/01\/avis-public-prevision-2022-VA.pdf\">public notice &#8211; budget\u00a0 2022 <\/a><\/li>\r\n<li><a href=\"https:\/\/munpdg.ca\/wp-content\/uploads\/2021\/12\/public-notice-schedule-2022.pdf\">public notice &#8211; schedule 2022 &#8211; regular meetings<\/a>\u00a0 \u00a0 =\u00a0 \u00a0 correction:\u00a0 march 14\u00a0 and\u00a0 november 14 (instead of 7)\u00a0 \u00a0&#8211; see the public notice in french<\/li>\r\n<li><a href=\"https:\/\/munpdg.ca\/wp-content\/uploads\/2021\/12\/pulic-notice-programme-des-immobilisations.pdf\">public notice (programme des immobilisations)<\/a><\/li>\r\n<li><a href=\"https:\/\/munpdg.ca\/wp-content\/uploads\/2021\/09\/notice-public-triennal-roll.pdf\">notice public triennal roll<\/a><\/li>\r\n<\/ul>\r\n<ul style=\"list-style-type: disc;\">\r\n<li><a href=\"https:\/\/munpdg.ca\/wp-content\/uploads\/2021\/09\/public-notice-of-election.pdf\">public notice of election &#8211; polling day november 7, 2021<\/a><\/li>\r\n<li><a href=\"https:\/\/munpdg.ca\/wp-content\/uploads\/2021\/05\/public-notice-by-law-2021-02.pdf\">public notice &#8211; by-law number 2021-02 coming into force<\/a><\/li>\r\n<li><a href=\"https:\/\/munpdg.ca\/wp-content\/uploads\/2020\/12\/public-notice-calendar-2021.pdf\">public notice &#8211; calendar 2021 (regular meetings)<\/a><\/li>\r\n<li><a href=\"https:\/\/munpdg.ca\/wp-content\/uploads\/2020\/12\/public-notice-december-17.pdf\">public notice &#8211; extraordinary meeting &#8211; december 17, 2020<\/a><\/li>\r\n<li><a href=\"https:\/\/munpdg.ca\/wp-content\/uploads\/2020\/10\/Public-Notice.pdf\">Public Notice &#8211; minor exemption application &#8211; november 9<\/a><\/li>\r\n<li><a href=\"https:\/\/munpdg.ca\/wp-content\/uploads\/2020\/07\/Public-Notice-Expansion-of-a-gallery.pdf\">Public Notice &#8211; Expansion of a gallery &#8211; municipal council\u00a0 August 10th<\/a><\/li>\r\n<li><a href=\"https:\/\/munpdg.ca\/wp-content\/uploads\/2020\/06\/Avis-public-Derogation-mineure-Anglais.pdf\">public notice &#8211; minor exemption application -contruction of a private greenhouse<\/a><\/li>\r\n<li><a href=\"https:\/\/munpdg.ca\/wp-content\/uploads\/2020\/05\/avis-public-pour-le-11-mai-2020-A.pdf\">public notice &#8211; 2019 financial report\u00a0 &#8211; meeting\u00a0 may 11, 2020 <\/a><\/li>\r\n<li><a href=\"https:\/\/munpdg.ca\/wp-content\/uploads\/2020\/04\/Avis-public-Reconduction-de-division-en-districts-electoraux.pdf\">public notice (french) &#8211; renewal of division into electoral districts<\/a><\/li>\r\n<li><a href=\"https:\/\/munpdg.ca\/wp-content\/uploads\/2020\/01\/Previsions-budgetaires-2020-anglais-envoi-aux-citoyens.pdf\">public notice &#8211; Estimates\u00a0 2020 <\/a><\/li>\r\n<\/ul>\r\n<ul style=\"list-style-type: circle;\">\r\n<li><a href=\"https:\/\/munpdg.ca\/wp-content\/uploads\/2020\/01\/avis-calendar-2020-2.pdf\">public notice;\u00a0 calendar 2020 of regular meeting\u00a0<\/a><\/li>\r\n<li><a href=\"https:\/\/munpdg.ca\/wp-content\/uploads\/2019\/12\/public-notice-december-16.pdf\">public notice december 16<\/a><\/li>\r\n<\/ul>\r\n<p>&nbsp;<\/p>\r\n<p>You can read the public notices in french (avis public)<\/p>\r\n\r\n<p>&nbsp;<\/p>\r\n","protected":false},"excerpt":{"rendered":"<p>Public notice public notice\u00a0 &#8211; budget 2026 public notice &#8211; schedule for regular meeting 2026 public notice\u00a0 &#8211; triennial roll 1st year\u00a0 public notice\u00a0 \u00a0budget 2025 public notice &#8211; schedule for regular meeting 2025 public notice &#8211; corrected financial report public notice &#8211; third year of the triennial roll public notice &#8211; minor exemption&#8211; august [&hellip;]<\/p>\n","protected":false},"author":3,"featured_media":0,"parent":0,"menu_order":0,"comment_status":"closed","ping_status":"closed","template":"","meta":{"_mi_skip_tracking":false,"_monsterinsights_sitenote_active":false,"_monsterinsights_sitenote_note":"","_monsterinsights_sitenote_category":0,"footnotes":""},"class_list":["post-1208","page","type-page","status-publish","hentry"],"yoast_head":"<!-- This site is optimized with the Yoast SEO plugin v21.4 - https:\/\/yoast.com\/wordpress\/plugins\/seo\/ -->\n<title>Public notice - Municipalit\u00e9 de Port-Daniel\u2013Gascons<\/title>\n<meta name=\"robots\" content=\"index, follow, max-snippet:-1, max-image-preview:large, max-video-preview:-1\" \/>\n<link rel=\"canonical\" href=\"https:\/\/munpdg.ca\/en\/avis-public\/\" \/>\n<meta property=\"og:locale\" content=\"en_US\" \/>\n<meta property=\"og:type\" content=\"article\" \/>\n<meta property=\"og:title\" content=\"Public notice - Municipalit\u00e9 de Port-Daniel\u2013Gascons\" \/>\n<meta property=\"og:description\" content=\"Public notice public notice\u00a0 &#8211; budget 2026 public notice &#8211; schedule for regular meeting 2026 public notice\u00a0 &#8211; triennial roll 1st year\u00a0 public notice\u00a0 \u00a0budget 2025 public notice &#8211; schedule for regular meeting 2025 public notice &#8211; corrected financial report public notice &#8211; third year of the triennial roll public notice &#8211; minor exemption&#8211; august [&hellip;]\" \/>\n<meta property=\"og:url\" content=\"https:\/\/munpdg.ca\/en\/avis-public\/\" \/>\n<meta property=\"og:site_name\" content=\"Municipalit\u00e9 de Port-Daniel\u2013Gascons\" \/>\n<meta property=\"article:modified_time\" content=\"2026-02-23T13:27:17+00:00\" \/>\n<meta name=\"twitter:card\" content=\"summary_large_image\" \/>\n<meta name=\"twitter:label1\" content=\"Est. reading time\" \/>\n\t<meta name=\"twitter:data1\" content=\"2 minutes\" \/>\n<script type=\"application\/ld+json\" class=\"yoast-schema-graph\">{\"@context\":\"https:\/\/schema.org\",\"@graph\":[{\"@type\":\"WebPage\",\"@id\":\"https:\/\/munpdg.ca\/en\/avis-public\/\",\"url\":\"https:\/\/munpdg.ca\/en\/avis-public\/\",\"name\":\"Public notice - Municipalit\u00e9 de Port-Daniel\u2013Gascons\",\"isPartOf\":{\"@id\":\"https:\/\/munpdg.ca\/en\/#website\"},\"datePublished\":\"2018-01-31T20:52:52+00:00\",\"dateModified\":\"2026-02-23T13:27:17+00:00\",\"breadcrumb\":{\"@id\":\"https:\/\/munpdg.ca\/en\/avis-public\/#breadcrumb\"},\"inLanguage\":\"en-US\",\"potentialAction\":[{\"@type\":\"ReadAction\",\"target\":[\"https:\/\/munpdg.ca\/en\/avis-public\/\"]}]},{\"@type\":\"BreadcrumbList\",\"@id\":\"https:\/\/munpdg.ca\/en\/avis-public\/#breadcrumb\",\"itemListElement\":[{\"@type\":\"ListItem\",\"position\":1,\"name\":\"Accueil\",\"item\":\"https:\/\/munpdg.ca\/en\/\"},{\"@type\":\"ListItem\",\"position\":2,\"name\":\"Public notice\"}]},{\"@type\":\"WebSite\",\"@id\":\"https:\/\/munpdg.ca\/en\/#website\",\"url\":\"https:\/\/munpdg.ca\/en\/\",\"name\":\"Municipalit\u00e9 de Port-Daniel\u2013Gascons\",\"description\":\"Un meilleur avenir pour tous\",\"publisher\":{\"@id\":\"https:\/\/munpdg.ca\/en\/#organization\"},\"potentialAction\":[{\"@type\":\"SearchAction\",\"target\":{\"@type\":\"EntryPoint\",\"urlTemplate\":\"https:\/\/munpdg.ca\/en\/?s={search_term_string}\"},\"query-input\":\"required name=search_term_string\"}],\"inLanguage\":\"en-US\"},{\"@type\":\"Organization\",\"@id\":\"https:\/\/munpdg.ca\/en\/#organization\",\"name\":\"Municipalit\u00e9 de Port-Daniel\u2013Gascons\",\"url\":\"https:\/\/munpdg.ca\/en\/\",\"logo\":{\"@type\":\"ImageObject\",\"inLanguage\":\"en-US\",\"@id\":\"https:\/\/munpdg.ca\/en\/#\/schema\/logo\/image\/\",\"url\":\"https:\/\/munpdg.ca\/wp-content\/uploads\/2017\/08\/port-daniel-gascons-logo.png\",\"contentUrl\":\"https:\/\/munpdg.ca\/wp-content\/uploads\/2017\/08\/port-daniel-gascons-logo.png\",\"width\":129,\"height\":141,\"caption\":\"Municipalit\u00e9 de Port-Daniel\u2013Gascons\"},\"image\":{\"@id\":\"https:\/\/munpdg.ca\/en\/#\/schema\/logo\/image\/\"}}]}<\/script>\n<!-- \/ Yoast SEO plugin. -->","yoast_head_json":{"title":"Public notice - Municipalit\u00e9 de Port-Daniel\u2013Gascons","robots":{"index":"index","follow":"follow","max-snippet":"max-snippet:-1","max-image-preview":"max-image-preview:large","max-video-preview":"max-video-preview:-1"},"canonical":"https:\/\/munpdg.ca\/en\/avis-public\/","og_locale":"en_US","og_type":"article","og_title":"Public notice - Municipalit\u00e9 de Port-Daniel\u2013Gascons","og_description":"Public notice public notice\u00a0 &#8211; budget 2026 public notice &#8211; schedule for regular meeting 2026 public notice\u00a0 &#8211; triennial roll 1st year\u00a0 public notice\u00a0 \u00a0budget 2025 public notice &#8211; schedule for regular meeting 2025 public notice &#8211; corrected financial report public notice &#8211; third year of the triennial roll public notice &#8211; minor exemption&#8211; august [&hellip;]","og_url":"https:\/\/munpdg.ca\/en\/avis-public\/","og_site_name":"Municipalit\u00e9 de Port-Daniel\u2013Gascons","article_modified_time":"2026-02-23T13:27:17+00:00","twitter_card":"summary_large_image","twitter_misc":{"Est. reading time":"2 minutes"},"schema":{"@context":"https:\/\/schema.org","@graph":[{"@type":"WebPage","@id":"https:\/\/munpdg.ca\/en\/avis-public\/","url":"https:\/\/munpdg.ca\/en\/avis-public\/","name":"Public notice - Municipalit\u00e9 de Port-Daniel\u2013Gascons","isPartOf":{"@id":"https:\/\/munpdg.ca\/en\/#website"},"datePublished":"2018-01-31T20:52:52+00:00","dateModified":"2026-02-23T13:27:17+00:00","breadcrumb":{"@id":"https:\/\/munpdg.ca\/en\/avis-public\/#breadcrumb"},"inLanguage":"en-US","potentialAction":[{"@type":"ReadAction","target":["https:\/\/munpdg.ca\/en\/avis-public\/"]}]},{"@type":"BreadcrumbList","@id":"https:\/\/munpdg.ca\/en\/avis-public\/#breadcrumb","itemListElement":[{"@type":"ListItem","position":1,"name":"Accueil","item":"https:\/\/munpdg.ca\/en\/"},{"@type":"ListItem","position":2,"name":"Public notice"}]},{"@type":"WebSite","@id":"https:\/\/munpdg.ca\/en\/#website","url":"https:\/\/munpdg.ca\/en\/","name":"Municipalit\u00e9 de Port-Daniel\u2013Gascons","description":"Un meilleur avenir pour tous","publisher":{"@id":"https:\/\/munpdg.ca\/en\/#organization"},"potentialAction":[{"@type":"SearchAction","target":{"@type":"EntryPoint","urlTemplate":"https:\/\/munpdg.ca\/en\/?s={search_term_string}"},"query-input":"required name=search_term_string"}],"inLanguage":"en-US"},{"@type":"Organization","@id":"https:\/\/munpdg.ca\/en\/#organization","name":"Municipalit\u00e9 de Port-Daniel\u2013Gascons","url":"https:\/\/munpdg.ca\/en\/","logo":{"@type":"ImageObject","inLanguage":"en-US","@id":"https:\/\/munpdg.ca\/en\/#\/schema\/logo\/image\/","url":"https:\/\/munpdg.ca\/wp-content\/uploads\/2017\/08\/port-daniel-gascons-logo.png","contentUrl":"https:\/\/munpdg.ca\/wp-content\/uploads\/2017\/08\/port-daniel-gascons-logo.png","width":129,"height":141,"caption":"Municipalit\u00e9 de Port-Daniel\u2013Gascons"},"image":{"@id":"https:\/\/munpdg.ca\/en\/#\/schema\/logo\/image\/"}}]}},"_links":{"self":[{"href":"https:\/\/munpdg.ca\/en\/wp-json\/wp\/v2\/pages\/1208","targetHints":{"allow":["GET"]}}],"collection":[{"href":"https:\/\/munpdg.ca\/en\/wp-json\/wp\/v2\/pages"}],"about":[{"href":"https:\/\/munpdg.ca\/en\/wp-json\/wp\/v2\/types\/page"}],"author":[{"embeddable":true,"href":"https:\/\/munpdg.ca\/en\/wp-json\/wp\/v2\/users\/3"}],"replies":[{"embeddable":true,"href":"https:\/\/munpdg.ca\/en\/wp-json\/wp\/v2\/comments?post=1208"}],"version-history":[{"count":77,"href":"https:\/\/munpdg.ca\/en\/wp-json\/wp\/v2\/pages\/1208\/revisions"}],"predecessor-version":[{"id":9910,"href":"https:\/\/munpdg.ca\/en\/wp-json\/wp\/v2\/pages\/1208\/revisions\/9910"}],"wp:attachment":[{"href":"https:\/\/munpdg.ca\/en\/wp-json\/wp\/v2\/media?parent=1208"}],"curies":[{"name":"wp","href":"https:\/\/api.w.org\/{rel}","templated":true}]}}